{"id":208,"date":"2025-04-22T22:19:20","date_gmt":"2025-04-23T03:19:20","guid":{"rendered":"https:\/\/web.oneclic.com.mx\/?post_type=product&#038;p=208"},"modified":"2025-04-22T22:20:22","modified_gmt":"2025-04-23T03:20:22","slug":"lector-esclavo-huella-digital-lector-de-tarjetas-de-proximidad-rs-485-interior-y-exterior-requiere-panel-de-control-de-acceso-accesspro-zkteco-o-biometrico-standalone","status":"publish","type":"product","link":"https:\/\/web.oneclic.com.mx\/index.php\/producto\/lector-esclavo-huella-digital-lector-de-tarjetas-de-proximidad-rs-485-interior-y-exterior-requiere-panel-de-control-de-acceso-accesspro-zkteco-o-biometrico-standalone\/","title":{"rendered":"Lector esclavo \/ Huella Digital \/ Lector de Tarjetas de Proximidad \/ RS-485 \/ Interior y Exterior \/ Requiere Panel de Control de Acceso AccessPRO, ZKTeco o Biom\u00e9trico Standalone"},"content":{"rendered":"<p>Funciones<br \/>\nLector para Paneles de Acceso:<\/p>\n<ul>\n<li><a href=\"http:\/\/www.syscom.mx\/producto\/APX2000-ACCESSPRO-72557.html\">APX2000\u00a0<\/a>\/<a href=\"http:\/\/www.syscom.mx\/producto\/APX4000-ACCESSPRO-72556.html\">APX4000<\/a>.<\/li>\n<li>INBIO260 \/ INBIO460<\/li>\n<li>INBIO160PRO\/INBIO260PRO\/ INBIO460PRO<\/li>\n<\/ul>\n<p>Lector Esclavo para Lectores Biom\u00e9tricos:<\/p>\n<ul>\n<li>F22ID<\/li>\n<li>XT5<\/li>\n<\/ul>\n<p>Comunicaci\u00f3n<br \/>\n&#8211; RS485.<\/p>\n<p>Hardware<br \/>\n&#8211; Sensor de Huella \u00d3ptico Antirrayaduras.<br \/>\n&#8211; Indicador Audiovisual.<br \/>\n&#8211; Lector de Proximidad:<br \/>\n\u2022 Frecuencia 125 kHz.<\/p>\n<p>Funciones Especiales<br \/>\n&#8211; Grado de Protecci\u00f3n IP65.<br \/>\n&#8211; M\u00e9todos de Verificaci\u00f3n Combinables:<br \/>\n\u2022 Tarjeta + Huella.<\/p>\n<p>Alimentaci\u00f3n<br \/>\n&#8211; 12 Vcc\/ 120 mA en Operaci\u00f3n.<br \/>\n&#8211; Fuente No Incluida.<br \/>\n&#8211; Puede Energizarse con la Fuente del Panel de Acceso.<\/p>\n<p>Informaci\u00f3n Adicional<br \/>\n&#8211; Temperatura de Operaci\u00f3n: 0 a 45 \u00b0C.<br \/>\n&#8211; Dimensiones: 50 x 102 x 37 mm.<br \/>\n&#8211; 1 A\u00f1o de Garant\u00eda.<br \/>\n&#8211; Modalidad Esclavo solo Salida.<\/p>\n<p>Tarjetas Compatibles<br \/>\n&#8211; ATR11, ATR14, ATR261B0, ACCESSISOCARD, ACCESSPROXCARD, ACCESKFBPROX.<\/p>\n<p>&nbsp;<\/p>\n<p><strong>Nota:<\/strong><\/p>\n<p>&nbsp;<\/p>\n<p class=\"MsoNormal\">S\u00f3lo se da soporte al software suministrado con el equipo o proporcionado por SYSCOM y siempre y cuando se utilice el mismo motor de base de datos que se incluye. Cualquier otra implementaci\u00f3n hacia otro software u otra versi\u00f3n de base de datos, es responsabilidad del integrador o\u00a0desarrollador\u00a0a cargo.<\/p>\n<p>&nbsp;<\/p>\n<p>&nbsp;<\/p>\n","protected":false},"excerpt":{"rendered":"<p>Funciones Lector para Paneles de Acceso: APX2000\u00a0\/APX4000. INBIO260 \/ INBIO460 INBIO160PRO\/INBIO260PRO\/ INBIO460PRO Lector Esclavo para Lectores Biom\u00e9tricos: F22ID XT5 Comunicaci\u00f3n &#8211; RS485. Hardware &#8211; Sensor de Huella \u00d3ptico Antirrayaduras. &#8211; Indicador Audiovisual. &#8211; Lector de Proximidad: \u2022 Frecuencia 125 kHz. Funciones Especiales &#8211; Grado de Protecci\u00f3n IP65. &#8211; M\u00e9todos de Verificaci\u00f3n Combinables: \u2022 Tarjeta + [&hellip;]<\/p>\n","protected":false},"featured_media":210,"comment_status":"open","ping_status":"closed","template":"","meta":{"_uag_custom_page_level_css":""},"product_brand":[46],"product_cat":[44,40,45],"product_tag":[],"class_list":{"0":"post-208","1":"product","2":"type-product","3":"status-publish","4":"has-post-thumbnail","6":"product_brand-zkteco-accesspro","7":"product_cat-biometricos","8":"product_cat-control-de-acceso","9":"product_cat-para-control-de-acceso","11":"first","12":"instock","13":"taxable","14":"shipping-taxable","15":"purchasable","16":"product-type-simple"},"uagb_featured_image_src":{"full":["https:\/\/web.oneclic.com.mx\/wp-content\/uploads\/2025\/04\/F12det1.jpg",400,400,false],"thumbnail":["https:\/\/web.oneclic.com.mx\/wp-content\/uploads\/2025\/04\/F12det1-150x150.jpg",150,150,true],"medium":["https:\/\/web.oneclic.com.mx\/wp-content\/uploads\/2025\/04\/F12det1-300x300.jpg",300,300,true],"medium_large":["https:\/\/web.oneclic.com.mx\/wp-content\/uploads\/2025\/04\/F12det1.jpg",400,400,false],"large":["https:\/\/web.oneclic.com.mx\/wp-content\/uploads\/2025\/04\/F12det1.jpg",400,400,false],"1536x1536":["https:\/\/web.oneclic.com.mx\/wp-content\/uploads\/2025\/04\/F12det1.jpg",400,400,false],"2048x2048":["https:\/\/web.oneclic.com.mx\/wp-content\/uploads\/2025\/04\/F12det1.jpg",400,400,false],"woocommerce_thumbnail":["https:\/\/web.oneclic.com.mx\/wp-content\/uploads\/2025\/04\/F12det1-324x324.jpg",324,324,true],"woocommerce_single":["https:\/\/web.oneclic.com.mx\/wp-content\/uploads\/2025\/04\/F12det1.jpg",400,400,false],"woocommerce_gallery_thumbnail":["https:\/\/web.oneclic.com.mx\/wp-content\/uploads\/2025\/04\/F12det1-100x100.jpg",100,100,true]},"uagb_author_info":{"display_name":"admin","author_link":"https:\/\/web.oneclic.com.mx\/index.php\/author\/"},"uagb_comment_info":0,"uagb_excerpt":"Funciones Lector para Paneles de Acceso: APX2000\u00a0\/APX4000. INBIO260 \/ INBIO460 INBIO160PRO\/INBIO260PRO\/ INBIO460PRO Lector Esclavo para Lectores Biom\u00e9tricos: F22ID XT5 Comunicaci\u00f3n &#8211; RS485. Hardware &#8211; Sensor de Huella \u00d3ptico Antirrayaduras. &#8211; Indicador Audiovisual. &#8211; Lector de Proximidad: \u2022 Frecuencia 125 kHz. Funciones Especiales &#8211; Grado de Protecci\u00f3n IP65. &#8211; M\u00e9todos de Verificaci\u00f3n Combinables: \u2022 Tarjeta +&hellip;","_links":{"self":[{"href":"https:\/\/web.oneclic.com.mx\/index.php\/wp-json\/wp\/v2\/product\/208","targetHints":{"allow":["GET"]}}],"collection":[{"href":"https:\/\/web.oneclic.com.mx\/index.php\/wp-json\/wp\/v2\/product"}],"about":[{"href":"https:\/\/web.oneclic.com.mx\/index.php\/wp-json\/wp\/v2\/types\/product"}],"replies":[{"embeddable":true,"href":"https:\/\/web.oneclic.com.mx\/index.php\/wp-json\/wp\/v2\/comments?post=208"}],"wp:featuredmedia":[{"embeddable":true,"href":"https:\/\/web.oneclic.com.mx\/index.php\/wp-json\/wp\/v2\/media\/210"}],"wp:attachment":[{"href":"https:\/\/web.oneclic.com.mx\/index.php\/wp-json\/wp\/v2\/media?parent=208"}],"wp:term":[{"taxonomy":"product_brand","embeddable":true,"href":"https:\/\/web.oneclic.com.mx\/index.php\/wp-json\/wp\/v2\/product_brand?post=208"},{"taxonomy":"product_cat","embeddable":true,"href":"https:\/\/web.oneclic.com.mx\/index.php\/wp-json\/wp\/v2\/product_cat?post=208"},{"taxonomy":"product_tag","embeddable":true,"href":"https:\/\/web.oneclic.com.mx\/index.php\/wp-json\/wp\/v2\/product_tag?post=208"}],"curies":[{"name":"wp","href":"https:\/\/api.w.org\/{rel}","templated":true}]}}