{"id":153,"date":"2025-04-16T02:58:27","date_gmt":"2025-04-16T07:58:27","guid":{"rendered":"https:\/\/web.oneclic.com.mx\/?post_type=product&#038;p=153"},"modified":"2025-04-16T02:58:27","modified_gmt":"2025-04-16T07:58:27","slug":"kit-de-transceptores-baluns-con-terminal-push-superior-resolucion-4k-cable-flexible-coaxial-blindado-coaxitron-audio-por-coaxitron-menu-osd-conector-100-cobre-proteccion-tvs-calidad-pre","status":"publish","type":"product","link":"https:\/\/web.oneclic.com.mx\/index.php\/producto\/kit-de-transceptores-baluns-con-terminal-push-superior-resolucion-4k-cable-flexible-coaxial-blindado-coaxitron-audio-por-coaxitron-menu-osd-conector-100-cobre-proteccion-tvs-calidad-pre\/","title":{"rendered":"Kit de Transceptores (Baluns) con Terminal PUSH SUPERIOR, Resoluci\u00f3n 4K , Cable flexible COAXIAL Blindado \/ COAXITRON \/ AUDIO POR COAXITRON \/ Menu OSD \/Conector 100% COBRE \/ protecci\u00f3n TVS, Calidad PREMIUM"},"content":{"rendered":"<div class=\"fila\">\n<div class=\"col-xs-12\">\n<h1><img decoding=\"async\" src=\"https:\/\/ftp3.syscom.mx\/usuarios\/albamaria\/albamaria\/epcomtitanium\/titaniumequipo%20%281%29.jpg\" alt=\"width=100%\" height=\"100%\" \/><\/h1>\n<h1><\/h1>\n<\/div>\n<\/div>\n<p>&nbsp;<\/p>\n<p>&nbsp;<\/p>\n<div class=\"row\">\n<div class=\"col-xs-12\">\n<h1><strong>TT101FTURBO<\/strong><\/h1>\n<h3>Kit de Transceptores<\/h3>\n<h3>Kit de tranceptores de video pasivos (Balum)<\/h3>\n<p>El bal\u00fan de video TT-101-FTURBO es un dispositivo pasivo que permite la transmisi\u00f3n de se\u00f1ales de video CCTV HD en tiempo real a trav\u00e9s de un cable de par trenzado, cuenta con conectores de Cobre que ofrecen mayor conductividad, mejor desempe\u00f1o en altas frecuencias(Video HD y largas distancias) y mucho menor atenuaci\u00f3n, algunas de las principales ventajas de este equipo es que cuenta con TVS (supresor de voltaje transitorio) de estado s\u00f3lido incorporado para protecci\u00f3n contra sobretensiones, es antiest\u00e1tico, ofrece protecci\u00f3n contra rayos Grado 3, Inmunidad al ruido y diafon\u00eda de 60 dB. y rechazo excepcional de interferencias. Es compatible con todas las c\u00e1maras anal\u00f3gicas HD-TVI\/ CVI\/ AHD\/ CVBS y ampliamente usado en c\u00e1maras de CCTV, monitores, DVR, conmutadores, codificadores IP y otros equipos CCTV. Sus terminales PUSH-PIN facilitan la conexion del par de cables UTP uno de los tranceptores cuenta con coleta (PIG TAIL) para una facil conexion al dvr. Definit\u00edvamemte en equipo Premium,la competencia no ofrece tanto en sus productos.<\/p>\n<\/div>\n<\/div>\n<div class=\"row\">\n<div class=\"col-sm-4\">\n<div class=\"panel_segmento\">\n<div>\n<h2>Caracter\u00edsticas Destacadas<\/h2>\n<ul>\n<li>Dise\u00f1o de filtro de onda anti-est\u00e1tico<\/li>\n<li>Inmunidad al ruido y diafon\u00eda de 60 dB.<\/li>\n<li><strong>Rechazo excepcional de interferencias<\/strong><\/li>\n<li><strong>Protecci\u00f3n interconstruida contra sobretensi\u00f3n<\/strong><\/li>\n<li>TVS (supresor de voltaje transitorio) de estado s\u00f3lido incorporado.<\/li>\n<li>Transmisi\u00f3n de 150 metros ( 492 ft ) para TurboHD en 4K<\/li>\n<li>Transmisi\u00f3n de 200 metros ( 656 ft ) para TurboHD hasta 5 MP<\/li>\n<li>Transmisi\u00f3n de 250 metros ( 820 ft ) para TurboHD hasta 2 MP<\/li>\n<li>\n<div>Precio por Kit.<\/div>\n<\/li>\n<\/ul>\n<\/div>\n<\/div>\n<\/div>\n<div class=\"col-sm-4\">\n<div class=\"panel_segmento\">\n<div>\n<h2>Caracteristicas F\u00edsicas y Electricas<\/h2>\n<ul>\n<li>No requieren alimentaci\u00f3n<\/li>\n<li>Dimensiones 35.1(L) x 16.7(W) x 18.7(H) mm (conector BNC excluido)<\/li>\n<li>Peso : 40 gramos.<\/li>\n<li>Temperatura de operaci\u00f3n : -20\u00b0C a 70\u00b0C<\/li>\n<li>Temperatura de almacenamiento : -40\u00b0 ~ 150\u00b0C<\/li>\n<li>Humedad Relativa : 0~95% (sin condensar)<\/li>\n<li>Carcasa ABS<\/li>\n<li>Color Negro.<\/li>\n<li><strong>1 a\u00f1o de garant\u00eda por defectos de fabricaci\u00f3n<\/strong><\/li>\n<\/ul>\n<\/div>\n<\/div>\n<\/div>\n<div class=\"col-sm-4\">\n<div class=\"panel_segmento\">\n<div>\n<h2>Caracteristicas Principales<\/h2>\n<ul>\n<li><strong>Kit de transceptores pasivos con terminales tipo PUSH-PIN. Uno de los tranceptores cuenta con coleta (PIG TAIL)<\/strong><\/li>\n<li><strong>Compatible con c\u00e1maras con tecnolog\u00eda HD-TVI \/ HD-CVI \/ AHD \/ CVBS<\/strong><\/li>\n<li>Compatibles con c\u00e1maras analogas (CVBS)<\/li>\n<li><strong>Soporta Coaxitron, Audio por coaxitron y men\u00fa OSD<\/strong><\/li>\n<li>Transmisi\u00f3n en tiempo real por cable UTP cat 5e\/6\/6A\/7<\/li>\n<li>Formatos de video compatibles NTSC, PAL, SECAM<\/li>\n<li>Impedancia 75 ohms<\/li>\n<li>Conectores macho en BNC<\/li>\n<\/ul>\n<\/div>\n<\/div>\n<\/div>\n<\/div>\n<div><\/div>\n<div>\n<p>&nbsp;<\/p>\n<\/div>\n<p><img decoding=\"async\" class=\"fr-fic\" src=\"http:\/\/ftp3.syscom.mx\/usuarios\/maguilar\/EpcomTitanium\/DISTANCIA-DE-TRANSCEPTORES-ES.jpg\" alt=\"\/\" \/><\/p>\n","protected":false},"excerpt":{"rendered":"<p>&nbsp; &nbsp; TT101FTURBO Kit de Transceptores Kit de tranceptores de video pasivos (Balum) El bal\u00fan de video TT-101-FTURBO es un dispositivo pasivo que permite la transmisi\u00f3n de se\u00f1ales de video CCTV HD en tiempo real a trav\u00e9s de un cable de par trenzado, cuenta con conectores de Cobre que ofrecen mayor conductividad, mejor desempe\u00f1o en [&hellip;]<\/p>\n","protected":false},"featured_media":155,"comment_status":"open","ping_status":"closed","template":"","meta":{"_uag_custom_page_level_css":""},"product_brand":[37],"product_cat":[35,36,17],"product_tag":[],"class_list":{"0":"post-153","1":"product","2":"type-product","3":"status-publish","4":"has-post-thumbnail","6":"product_brand-epcom-titanium","7":"product_cat-accesorios-generales","8":"product_cat-transceptores-de-video","9":"product_cat-videovigilancia","11":"first","12":"instock","13":"taxable","14":"shipping-taxable","15":"product-type-simple"},"uagb_featured_image_src":{"full":["https:\/\/web.oneclic.com.mx\/wp-content\/uploads\/2025\/04\/TT101FTURBO1.jpg",400,400,false],"thumbnail":["https:\/\/web.oneclic.com.mx\/wp-content\/uploads\/2025\/04\/TT101FTURBO1-150x150.jpg",150,150,true],"medium":["https:\/\/web.oneclic.com.mx\/wp-content\/uploads\/2025\/04\/TT101FTURBO1-300x300.jpg",300,300,true],"medium_large":["https:\/\/web.oneclic.com.mx\/wp-content\/uploads\/2025\/04\/TT101FTURBO1.jpg",400,400,false],"large":["https:\/\/web.oneclic.com.mx\/wp-content\/uploads\/2025\/04\/TT101FTURBO1.jpg",400,400,false],"1536x1536":["https:\/\/web.oneclic.com.mx\/wp-content\/uploads\/2025\/04\/TT101FTURBO1.jpg",400,400,false],"2048x2048":["https:\/\/web.oneclic.com.mx\/wp-content\/uploads\/2025\/04\/TT101FTURBO1.jpg",400,400,false],"woocommerce_thumbnail":["https:\/\/web.oneclic.com.mx\/wp-content\/uploads\/2025\/04\/TT101FTURBO1-324x324.jpg",324,324,true],"woocommerce_single":["https:\/\/web.oneclic.com.mx\/wp-content\/uploads\/2025\/04\/TT101FTURBO1.jpg",400,400,false],"woocommerce_gallery_thumbnail":["https:\/\/web.oneclic.com.mx\/wp-content\/uploads\/2025\/04\/TT101FTURBO1-100x100.jpg",100,100,true]},"uagb_author_info":{"display_name":"admin","author_link":"https:\/\/web.oneclic.com.mx\/index.php\/author\/"},"uagb_comment_info":0,"uagb_excerpt":"&nbsp; &nbsp; TT101FTURBO Kit de Transceptores Kit de tranceptores de video pasivos (Balum) El bal\u00fan de video TT-101-FTURBO es un dispositivo pasivo que permite la transmisi\u00f3n de se\u00f1ales de video CCTV HD en tiempo real a trav\u00e9s de un cable de par trenzado, cuenta con conectores de Cobre que ofrecen mayor conductividad, mejor desempe\u00f1o en&hellip;","_links":{"self":[{"href":"https:\/\/web.oneclic.com.mx\/index.php\/wp-json\/wp\/v2\/product\/153","targetHints":{"allow":["GET"]}}],"collection":[{"href":"https:\/\/web.oneclic.com.mx\/index.php\/wp-json\/wp\/v2\/product"}],"about":[{"href":"https:\/\/web.oneclic.com.mx\/index.php\/wp-json\/wp\/v2\/types\/product"}],"replies":[{"embeddable":true,"href":"https:\/\/web.oneclic.com.mx\/index.php\/wp-json\/wp\/v2\/comments?post=153"}],"wp:featuredmedia":[{"embeddable":true,"href":"https:\/\/web.oneclic.com.mx\/index.php\/wp-json\/wp\/v2\/media\/155"}],"wp:attachment":[{"href":"https:\/\/web.oneclic.com.mx\/index.php\/wp-json\/wp\/v2\/media?parent=153"}],"wp:term":[{"taxonomy":"product_brand","embeddable":true,"href":"https:\/\/web.oneclic.com.mx\/index.php\/wp-json\/wp\/v2\/product_brand?post=153"},{"taxonomy":"product_cat","embeddable":true,"href":"https:\/\/web.oneclic.com.mx\/index.php\/wp-json\/wp\/v2\/product_cat?post=153"},{"taxonomy":"product_tag","embeddable":true,"href":"https:\/\/web.oneclic.com.mx\/index.php\/wp-json\/wp\/v2\/product_tag?post=153"}],"curies":[{"name":"wp","href":"https:\/\/api.w.org\/{rel}","templated":true}]}}